{"id":9,"date":"2025-04-27T10:45:35","date_gmt":"2025-04-27T10:45:35","guid":{"rendered":"https:\/\/ambersense.fi\/?page_id=9"},"modified":"2026-02-18T19:12:20","modified_gmt":"2026-02-18T19:12:20","slug":"etusivu","status":"publish","type":"page","link":"https:\/\/ambersense.fi\/","title":{"rendered":"Etusivu"},"content":{"rendered":"\n<p>Ambersense Oy tuottaa laadukkaita ja yksil\u00f6llisi\u00e4 valmennuspalveluja.  Olemme erikoistuneet henkil\u00f6st\u00f6n kehitt\u00e4miseen sek\u00e4 hevosalan valmennuksiin.<\/p>\n\n\n\n<p>Palvelumme perustuvat positiiviseen vahvistamiseen &#8211; positiiviseen psykologiaan ja kouluttamiseen. Motivaatio, yhteisty\u00f6 ja menestys syntyv\u00e4t yksil\u00f6iden ja yhteis\u00f6jen hyvinvoinnista &#8211; niin ihmisten kuin hevostenkin kanssa.<\/p>\n","protected":false},"excerpt":{"rendered":"<p>Ambersense Oy tuottaa laadukkaita ja yksil\u00f6llisi\u00e4 valmennuspalveluja. Olemme erikoistuneet henkil\u00f6st\u00f6n kehitt\u00e4miseen sek\u00e4 hevosalan valmennuksiin. Palvelumme perustuvat positiiviseen vahvistamiseen &#8211; positiiviseen psykologiaan ja kouluttamiseen. Motivaatio, yhteisty\u00f6 ja menestys syntyv\u00e4t yksil\u00f6iden ja yhteis\u00f6jen hyvinvoinnista &#8211; niin ihmisten kuin hevostenkin kanssa.<\/p>\n","protected":false},"author":1,"featured_media":0,"parent":0,"menu_order":0,"comment_status":"closed","ping_status":"closed","template":"","meta":{"footnotes":""},"class_list":["post-9","page","type-page","status-publish","hentry"],"_links":{"self":[{"href":"https:\/\/ambersense.fi\/index.php\/wp-json\/wp\/v2\/pages\/9","targetHints":{"allow":["GET"]}}],"collection":[{"href":"https:\/\/ambersense.fi\/index.php\/wp-json\/wp\/v2\/pages"}],"about":[{"href":"https:\/\/ambersense.fi\/index.php\/wp-json\/wp\/v2\/types\/page"}],"author":[{"embeddable":true,"href":"https:\/\/ambersense.fi\/index.php\/wp-json\/wp\/v2\/users\/1"}],"replies":[{"embeddable":true,"href":"https:\/\/ambersense.fi\/index.php\/wp-json\/wp\/v2\/comments?post=9"}],"version-history":[{"count":7,"href":"https:\/\/ambersense.fi\/index.php\/wp-json\/wp\/v2\/pages\/9\/revisions"}],"predecessor-version":[{"id":163,"href":"https:\/\/ambersense.fi\/index.php\/wp-json\/wp\/v2\/pages\/9\/revisions\/163"}],"wp:attachment":[{"href":"https:\/\/ambersense.fi\/index.php\/wp-json\/wp\/v2\/media?parent=9"}],"curies":[{"name":"wp","href":"https:\/\/api.w.org\/{rel}","templated":true}]}}