{"id":174,"date":"2026-02-18T20:01:49","date_gmt":"2026-02-18T20:01:49","guid":{"rendered":"https:\/\/ambersense.fi\/?page_id=174"},"modified":"2026-02-18T20:32:23","modified_gmt":"2026-02-18T20:32:23","slug":"tiimi","status":"publish","type":"page","link":"https:\/\/ambersense.fi\/index.php\/tiimi\/","title":{"rendered":"Tiimi"},"content":{"rendered":"\n<p><\/p>\n\n\n\n<p><strong>Taina Laane<\/strong><br>Toimitusjohtaja<br>Positiivisen psykologian maisteri (MAPP), YTM, Sosionomi AMK<br>Ty\u00f6nohjaaja (STOry) ja neuropsykiatrinen valmentaja<br><br><em>Taina on ty\u00f6hyvinvoinnin ja psykososiaalisen ty\u00f6n lempe\u00e4 huippuammattilainen 20 vuoden kokemuksella.<\/em> <em>Tainaa kiitet\u00e4\u00e4n etenkin laajasta ammattitaidosta ja kyvyst\u00e4 ohjata turvallisesti vaativiakin vuorovaikutustilanteita<\/em>. <br><br><strong>Sofia Laane<\/strong><br>Valmentaja, kilparatsastaja<br>SRL:n I tason valmentaja (valmistuminen 03\/2026)<br>SRL:n  hevos- ja ponikerho-ohjaaja<br>Ensiapukortti SPR EA 1<\/p>\n\n\n\n<p><em>Sofia on pidetty aikuisten ja junioreiden ratsastusvalmentaja, joka kilpailee kouluratsastuksessa alue- ja kansallisella tasolla treenaten kohti vaativia luokkia.<\/em> <em>Sofiaa kiitet\u00e4\u00e4n etenkin kannustavasta valmennusotteesta ja tarkoista, hevosyst\u00e4v\u00e4llisist\u00e4 vinkeist\u00e4 ja ohjeista.<\/em><\/p>\n\n\n\n<p>Tiimill\u00e4mme on kokemusta my\u00f6s asiakkaista, jotka tarvitsevat erityist\u00e4 tukea mm. kehitysvammaiset sek\u00e4 neurokirjon henkil\u00f6t.<\/p>\n","protected":false},"excerpt":{"rendered":"<p>Taina LaaneToimitusjohtajaPositiivisen psykologian maisteri (MAPP), YTM, Sosionomi AMKTy\u00f6nohjaaja (STOry) ja neuropsykiatrinen valmentaja Taina on ty\u00f6hyvinvoinnin ja psykososiaalisen ty\u00f6n lempe\u00e4 huippuammattilainen 20 vuoden kokemuksella. Tainaa kiitet\u00e4\u00e4n etenkin laajasta ammattitaidosta ja kyvyst\u00e4 ohjata turvallisesti vaativiakin vuorovaikutustilanteita. Sofia LaaneValmentaja, kilparatsastajaSRL:n I tason valmentaja (valmistuminen 03\/2026)SRL:n hevos- ja ponikerho-ohjaajaEnsiapukortti SPR EA 1 Sofia on pidetty aikuisten ja junioreiden ratsastusvalmentaja, &hellip; <\/p>\n<p class=\"link-more\"><a href=\"https:\/\/ambersense.fi\/index.php\/tiimi\/\" class=\"more-link\">Jatka lukemista<span class=\"screen-reader-text\"> &#8221;Tiimi&#8221;<\/span><\/a><\/p>\n","protected":false},"author":1,"featured_media":153,"parent":0,"menu_order":0,"comment_status":"closed","ping_status":"closed","template":"","meta":{"footnotes":""},"class_list":["post-174","page","type-page","status-publish","has-post-thumbnail","hentry"],"_links":{"self":[{"href":"https:\/\/ambersense.fi\/index.php\/wp-json\/wp\/v2\/pages\/174","targetHints":{"allow":["GET"]}}],"collection":[{"href":"https:\/\/ambersense.fi\/index.php\/wp-json\/wp\/v2\/pages"}],"about":[{"href":"https:\/\/ambersense.fi\/index.php\/wp-json\/wp\/v2\/types\/page"}],"author":[{"embeddable":true,"href":"https:\/\/ambersense.fi\/index.php\/wp-json\/wp\/v2\/users\/1"}],"replies":[{"embeddable":true,"href":"https:\/\/ambersense.fi\/index.php\/wp-json\/wp\/v2\/comments?post=174"}],"version-history":[{"count":4,"href":"https:\/\/ambersense.fi\/index.php\/wp-json\/wp\/v2\/pages\/174\/revisions"}],"predecessor-version":[{"id":182,"href":"https:\/\/ambersense.fi\/index.php\/wp-json\/wp\/v2\/pages\/174\/revisions\/182"}],"wp:featuredmedia":[{"embeddable":true,"href":"https:\/\/ambersense.fi\/index.php\/wp-json\/wp\/v2\/media\/153"}],"wp:attachment":[{"href":"https:\/\/ambersense.fi\/index.php\/wp-json\/wp\/v2\/media?parent=174"}],"curies":[{"name":"wp","href":"https:\/\/api.w.org\/{rel}","templated":true}]}}