{"id":145,"date":"2026-02-18T15:44:03","date_gmt":"2026-02-18T15:44:03","guid":{"rendered":"https:\/\/ambersense.fi\/?page_id=145"},"modified":"2026-02-18T19:39:18","modified_gmt":"2026-02-18T19:39:18","slug":"tyonohjaus-ja-valmennus-palvelut","status":"publish","type":"page","link":"https:\/\/ambersense.fi\/index.php\/tyonohjaus-ja-valmennus-palvelut\/","title":{"rendered":"Ty\u00f6nohjaus ja valmennus -palvelut"},"content":{"rendered":"\n<p><strong>Ty\u00f6nohjaus<\/strong><br><br>Ty\u00f6nohjaus auttaa tilanteissa, joissa ty\u00f6ss\u00e4 on pulmia tai ristiriitoja tai psykososiaalista kuormitusta. Ty\u00f6nohjausta voidaan k\u00e4ytt\u00e4\u00e4 my\u00f6s muutoksen tukena tai ammatillisen kasvun ja kehittymisen tukena. <\/p>\n\n\n\n<p>Sosiaali- ja terveysaloilla ty\u00f6nohjausta k\u00e4ytet\u00e4\u00e4n usein s\u00e4\u00e4nn\u00f6llisesti alan moninaisten psykososiaalisten vaatimusten vuoksi.<br><br><strong>Johdon konsultointi<\/strong><br><br>Ambersense Oy:n tekem\u00e4n\u00e4 johdon konsultointi liittyy yleens\u00e4 henkil\u00f6st\u00f6n tai johdon hyvinvoinnin turvaamiseen muutostilanteissa. Johdon on t\u00e4rke\u00e4 olla tietoinen henkil\u00f6st\u00f6n tarpeista ja ty\u00f6kyvyn tukemisen monipuolisista mahdollisuuksista.<\/p>\n\n\n\n<p><strong>Koulutus ja valmennus<\/strong><\/p>\n\n\n\n<p>Ambesense Oy:n valmennus- ja koulutusosaaminen liittyy etenkin ty\u00f6kykyjohtamiseen sek\u00e4 positiivisen psykologian soveltamiseen ty\u00f6ymp\u00e4rist\u00f6iss\u00e4.<br><br>Meill\u00e4 on erityisosaamista seuraavista aiheista:<\/p>\n\n\n\n<p>Ty\u00f6kykyjohtaminen<br>Traumainformoitu ty\u00f6ote<br>Neurokirjon henkil\u00f6iden tuki ty\u00f6paikalla<br>Tiimien ja yhteis\u00f6jen rakentaminen<br>Positiivinen psykologia suorituskyvyn tukena<br>Mindfulness ja itsemy\u00f6t\u00e4tunto -menetelm\u00e4t<br>Palautuminen ja hermoston s\u00e4\u00e4tely<br><br>Henkil\u00f6st\u00f6palvelut toteutamme pitk\u00e4aikaisen yhteisty\u00f6kumppanimme <a href=\"http:\/\/www.luotain.net\">Luotain Consulting Oy<\/a>:n kautta.<\/p>\n","protected":false},"excerpt":{"rendered":"<p>Ty\u00f6nohjaus Ty\u00f6nohjaus auttaa tilanteissa, joissa ty\u00f6ss\u00e4 on pulmia tai ristiriitoja tai psykososiaalista kuormitusta. Ty\u00f6nohjausta voidaan k\u00e4ytt\u00e4\u00e4 my\u00f6s muutoksen tukena tai ammatillisen kasvun ja kehittymisen tukena. Sosiaali- ja terveysaloilla ty\u00f6nohjausta k\u00e4ytet\u00e4\u00e4n usein s\u00e4\u00e4nn\u00f6llisesti alan moninaisten psykososiaalisten vaatimusten vuoksi. Johdon konsultointi Ambersense Oy:n tekem\u00e4n\u00e4 johdon konsultointi liittyy yleens\u00e4 henkil\u00f6st\u00f6n tai johdon hyvinvoinnin turvaamiseen muutostilanteissa. Johdon on t\u00e4rke\u00e4 &hellip; <\/p>\n<p class=\"link-more\"><a href=\"https:\/\/ambersense.fi\/index.php\/tyonohjaus-ja-valmennus-palvelut\/\" class=\"more-link\">Jatka lukemista<span class=\"screen-reader-text\"> &#8221;Ty\u00f6nohjaus ja valmennus -palvelut&#8221;<\/span><\/a><\/p>\n","protected":false},"author":1,"featured_media":0,"parent":0,"menu_order":0,"comment_status":"closed","ping_status":"closed","template":"","meta":{"footnotes":""},"class_list":["post-145","page","type-page","status-publish","hentry"],"_links":{"self":[{"href":"https:\/\/ambersense.fi\/index.php\/wp-json\/wp\/v2\/pages\/145","targetHints":{"allow":["GET"]}}],"collection":[{"href":"https:\/\/ambersense.fi\/index.php\/wp-json\/wp\/v2\/pages"}],"about":[{"href":"https:\/\/ambersense.fi\/index.php\/wp-json\/wp\/v2\/types\/page"}],"author":[{"embeddable":true,"href":"https:\/\/ambersense.fi\/index.php\/wp-json\/wp\/v2\/users\/1"}],"replies":[{"embeddable":true,"href":"https:\/\/ambersense.fi\/index.php\/wp-json\/wp\/v2\/comments?post=145"}],"version-history":[{"count":2,"href":"https:\/\/ambersense.fi\/index.php\/wp-json\/wp\/v2\/pages\/145\/revisions"}],"predecessor-version":[{"id":169,"href":"https:\/\/ambersense.fi\/index.php\/wp-json\/wp\/v2\/pages\/145\/revisions\/169"}],"wp:attachment":[{"href":"https:\/\/ambersense.fi\/index.php\/wp-json\/wp\/v2\/media?parent=145"}],"curies":[{"name":"wp","href":"https:\/\/api.w.org\/{rel}","templated":true}]}}