{"id":133,"date":"2026-02-18T15:16:32","date_gmt":"2026-02-18T15:16:32","guid":{"rendered":"https:\/\/ambersense.fi\/?page_id=133"},"modified":"2026-02-18T19:45:07","modified_gmt":"2026-02-18T19:45:07","slug":"hevosen-tahti-palautumishetki","status":"publish","type":"page","link":"https:\/\/ambersense.fi\/index.php\/hevosen-tahti-palautumishetki\/","title":{"rendered":"Hevosen Tahti -palautumishetki"},"content":{"rendered":"\n<p><em>Palautumista luonnossa hevosten kanssa<\/em><\/p>\n\n\n\n<p>Hevosen Tahti on ohjattu palautumiskokemus pihattoymp\u00e4rist\u00f6ss\u00e4 ja luonnossa, jossa ihminen saa hidastaa hevosen rytmiin.  Palautumishetki ei ole ratsastusta eik\u00e4 suorittamista, vaan olemista hevosten kanssa l\u00e4sn\u00e4olevasti. Palautumishetki auttaa hermostoa viritt\u00e4ytym\u00e4\u00e4n sopivaan vireystilaan &#8211; se voi rauhoittaa ylivirett\u00e4, mutta toisaalta my\u00f6s hieman her\u00e4tell\u00e4 aistien kanssa alivireystilasta.<\/p>\n\n\n\n<p>Palautumishetken ohjaa koulutettu ammattilainen, jolla on osaamista my\u00f6s ty\u00f6nohjauksesta, mindfulnessista sek\u00e4 psykologiasta. Hevosen Tahti &#8211; palautumishetki ei kuitenkaan ole terapiaa eik\u00e4 sovi avuksi akuutissa kriisiss\u00e4.<\/p>\n\n\n\n<p>Hevosen Tahti -palautumishetken sis\u00e4lt\u00f6:<br><br>Rauhallinen aloituskeskustelu ja tutustuminen pihattoymp\u00e4rist\u00f6\u00f6n<br>L\u00e4sn\u00e4olevaa olemista hevosten kanssa eri aistien kautta<br>Pieni k\u00e4velyhetki luonnossa hevosen tai ponin kanssa <br>Muutama hermostoa tukeva harjoitus tai oivallus mukaan kotiin viet\u00e4v\u00e4ksi<\/p>\n\n\n\n<p>Palautumishetki sopii:<\/p>\n\n\n\n<ul class=\"wp-block-list\">\n<li>uupuneille ja kuormittuneille aikuisille<\/li>\n\n\n\n<li>nuorille, joilla on stressi\u00e4 tai paineita<\/li>\n\n\n\n<li>hevosihmisille, jotka etsiv\u00e4t uutta tapaa olla hevosten kanssa<\/li>\n\n\n\n<li>palautumistaitoja opetteleville<\/li>\n\n\n\n<li>ty\u00f6hyvinvoinnin tueksi<\/li>\n\n\n\n<li>erityisherkille henkil\u00f6ille<\/li>\n\n\n\n<li>neurokirjon henkil\u00f6ille<\/li>\n<\/ul>\n\n\n\n<p><em>Hevoset el\u00e4v\u00e4t t\u00e4ss\u00e4 ja nyt. Niiden hengitys, liike ja rauhallinen l\u00e4sn\u00e4olo auttavat ihmisen hermostoa rauhoittumaan ilman sanoja. Hevosen Tahti -palautumishetki toteutetaan turvallisesti ammattilaisen ohjauksessa ja koulutettujen hevosten kanssa. Hevoset ja ihmiset saavat hetken aikana olla omia itsej\u00e4\u00e4n ja etenemme kummankin osapuolen ehdoilla ja tahdissa. Kerrankin ei ole kiire, eik\u00e4 tarvitse suorittaa mit\u00e4\u00e4n.<\/em><\/p>\n\n\n\n<p><\/p>\n","protected":false},"excerpt":{"rendered":"<p>Palautumista luonnossa hevosten kanssa Hevosen Tahti on ohjattu palautumiskokemus pihattoymp\u00e4rist\u00f6ss\u00e4 ja luonnossa, jossa ihminen saa hidastaa hevosen rytmiin. Palautumishetki ei ole ratsastusta eik\u00e4 suorittamista, vaan olemista hevosten kanssa l\u00e4sn\u00e4olevasti. Palautumishetki auttaa hermostoa viritt\u00e4ytym\u00e4\u00e4n sopivaan vireystilaan &#8211; se voi rauhoittaa ylivirett\u00e4, mutta toisaalta my\u00f6s hieman her\u00e4tell\u00e4 aistien kanssa alivireystilasta. Palautumishetken ohjaa koulutettu ammattilainen, jolla on osaamista &hellip; <\/p>\n<p class=\"link-more\"><a href=\"https:\/\/ambersense.fi\/index.php\/hevosen-tahti-palautumishetki\/\" class=\"more-link\">Jatka lukemista<span class=\"screen-reader-text\"> &#8221;Hevosen Tahti -palautumishetki&#8221;<\/span><\/a><\/p>\n","protected":false},"author":1,"featured_media":170,"parent":0,"menu_order":0,"comment_status":"closed","ping_status":"closed","template":"","meta":{"footnotes":""},"class_list":["post-133","page","type-page","status-publish","has-post-thumbnail","hentry"],"_links":{"self":[{"href":"https:\/\/ambersense.fi\/index.php\/wp-json\/wp\/v2\/pages\/133","targetHints":{"allow":["GET"]}}],"collection":[{"href":"https:\/\/ambersense.fi\/index.php\/wp-json\/wp\/v2\/pages"}],"about":[{"href":"https:\/\/ambersense.fi\/index.php\/wp-json\/wp\/v2\/types\/page"}],"author":[{"embeddable":true,"href":"https:\/\/ambersense.fi\/index.php\/wp-json\/wp\/v2\/users\/1"}],"replies":[{"embeddable":true,"href":"https:\/\/ambersense.fi\/index.php\/wp-json\/wp\/v2\/comments?post=133"}],"version-history":[{"count":3,"href":"https:\/\/ambersense.fi\/index.php\/wp-json\/wp\/v2\/pages\/133\/revisions"}],"predecessor-version":[{"id":138,"href":"https:\/\/ambersense.fi\/index.php\/wp-json\/wp\/v2\/pages\/133\/revisions\/138"}],"wp:featuredmedia":[{"embeddable":true,"href":"https:\/\/ambersense.fi\/index.php\/wp-json\/wp\/v2\/media\/170"}],"wp:attachment":[{"href":"https:\/\/ambersense.fi\/index.php\/wp-json\/wp\/v2\/media?parent=133"}],"curies":[{"name":"wp","href":"https:\/\/api.w.org\/{rel}","templated":true}]}}