{"id":13,"date":"2025-04-27T10:45:35","date_gmt":"2025-04-27T10:45:35","guid":{"rendered":"https:\/\/ambersense.fi\/?page_id=13"},"modified":"2026-02-18T19:29:36","modified_gmt":"2026-02-18T19:29:36","slug":"etusivuosio","status":"publish","type":"page","link":"https:\/\/ambersense.fi\/index.php\/etusivuosio\/","title":{"rendered":"Henkil\u00f6st\u00f6palvelut"},"content":{"rendered":"\n<p>Henkil\u00f6st\u00f6n kehitt\u00e4misen palvelujamme ovat ty\u00f6nohjaus, valmennus sek\u00e4 johdon konsultointi ty\u00f6kykyasioissa.<br><br>Henkil\u00f6st\u00f6n hyvinvointia voidaan tukea my\u00f6s hevosavusteisen <a href=\"https:\/\/ambersense.fi\/index.php\/hevosen-tahti-palautumishetki\/\" data-type=\"page\" data-id=\"133\">Hevosen Tahti<\/a> -palautumishetkien avulla.<\/p>\n\n\n\n<p><\/p>\n\n\n\n<p><\/p>\n\n\n\n<p><\/p>\n","protected":false},"excerpt":{"rendered":"<p>Henkil\u00f6st\u00f6n kehitt\u00e4misen palvelujamme ovat ty\u00f6nohjaus, valmennus sek\u00e4 johdon konsultointi ty\u00f6kykyasioissa. Henkil\u00f6st\u00f6n hyvinvointia voidaan tukea my\u00f6s hevosavusteisen Hevosen Tahti -palautumishetkien avulla.<\/p>\n","protected":false},"author":1,"featured_media":61,"parent":0,"menu_order":2,"comment_status":"closed","ping_status":"closed","template":"","meta":{"footnotes":""},"class_list":["post-13","page","type-page","status-publish","has-post-thumbnail","hentry"],"_links":{"self":[{"href":"https:\/\/ambersense.fi\/index.php\/wp-json\/wp\/v2\/pages\/13","targetHints":{"allow":["GET"]}}],"collection":[{"href":"https:\/\/ambersense.fi\/index.php\/wp-json\/wp\/v2\/pages"}],"about":[{"href":"https:\/\/ambersense.fi\/index.php\/wp-json\/wp\/v2\/types\/page"}],"author":[{"embeddable":true,"href":"https:\/\/ambersense.fi\/index.php\/wp-json\/wp\/v2\/users\/1"}],"replies":[{"embeddable":true,"href":"https:\/\/ambersense.fi\/index.php\/wp-json\/wp\/v2\/comments?post=13"}],"version-history":[{"count":13,"href":"https:\/\/ambersense.fi\/index.php\/wp-json\/wp\/v2\/pages\/13\/revisions"}],"predecessor-version":[{"id":165,"href":"https:\/\/ambersense.fi\/index.php\/wp-json\/wp\/v2\/pages\/13\/revisions\/165"}],"wp:featuredmedia":[{"embeddable":true,"href":"https:\/\/ambersense.fi\/index.php\/wp-json\/wp\/v2\/media\/61"}],"wp:attachment":[{"href":"https:\/\/ambersense.fi\/index.php\/wp-json\/wp\/v2\/media?parent=13"}],"curies":[{"name":"wp","href":"https:\/\/api.w.org\/{rel}","templated":true}]}}