{"id":124,"date":"2026-02-18T07:17:14","date_gmt":"2026-02-18T07:17:14","guid":{"rendered":"https:\/\/ambersense.fi\/?page_id=124"},"modified":"2026-02-18T19:46:21","modified_gmt":"2026-02-18T19:46:21","slug":"dressage-tiimi","status":"publish","type":"page","link":"https:\/\/ambersense.fi\/index.php\/dressage-tiimi\/","title":{"rendered":"Dressage Tiimi"},"content":{"rendered":"\n<p>Dressage Tiimi on tavoitteellisille harrastajille ja kilparatsastajille tarkoitettu palvelukokonaisuus. Dressage Tiimiss\u00e4 saat k\u00e4ytt\u00f6\u00f6si hyvinkoulutetun ponin tai hevosen sek\u00e4 yksil\u00f6llist\u00e4 valmennusta 2 tai 3 kertaa viikossa. Lis\u00e4ksi p\u00e4\u00e4set halutessasi suunnittelemaan itsellesi kisakalenteria ja osallistumaan kilpailuihin ja rataharjoituksiin, joissa tukenasi on oma valmentajasi.<\/p>\n\n\n\n<h2 class=\"wp-block-heading\">Miksi sinun kannattaa tulla mukaan:<\/h2>\n\n\n\n<ul class=\"wp-block-list\">\n<li>P\u00e4\u00e4set osaksi pitk\u00e4j\u00e4nteist\u00e4 ja tavoitteellista toimintaa ilman oman hevosen omistamisen riski\u00e4 ja kalliita varustehankintoja. <\/li>\n\n\n\n<li>P\u00e4\u00e4set rakentamaan pitk\u00e4j\u00e4nteist\u00e4 suhdetta hevoseen sek\u00e4 valmentajaan ja omaan tiimiin, jossa sinut tunnetaan ja sinua autetaan onnistumaan omissa ratsastustavoitteissasi.<\/li>\n\n\n\n<li>Tuemme sinua kehittym\u00e4\u00e4n hevostaidoissa, ratsastustaidoissa sek\u00e4 mielen taidoissa, joita vaaditaan tavoitteellisessa ratsastamisessa (mm. kilpailuj\u00e4nnityksen hallinta, sinnikkyys).<\/li>\n\n\n\n<li>Dressage Tiimi -toiminnassa etusijalla on hevosen ja ratsastajan hyvinvointi ja yhdess\u00e4 tekemisen ja onnistumisen ilo.<br><\/li>\n<\/ul>\n\n\n\n<h2 class=\"wp-block-heading\">Keit\u00e4 etsimme?<\/h2>\n\n\n\n<p>T\u00e4ll\u00e4 hetkell\u00e4 etsimme HeB-HeA -tasoisia poneja ja hevosia toimintaamme sek\u00e4 perustamme toimipaikkaamme Vihtiin. Ilmoita kiinnostuksestasi l\u00e4hte\u00e4 mukaan Dressage Tiimiin, niin kerromme lis\u00e4\u00e4.<\/p>\n\n\n\n<p><strong>DressageTiimil\u00e4isilt\u00e4&nbsp;<\/strong>odotamme pitk\u00e4j\u00e4nteist\u00e4 sitoutumista tiimiin (esim. kausi kerrallaan), monipuolista kiinnostusta hevosiin ja hevosten hyvinvointiin, my\u00f6nteist\u00e4 ja kehittymisenhaluista asennetta ja perusratsastustaitoja. <\/p>\n\n\n\n<p><strong>Huoltajilta toivomme<\/strong>&nbsp;my\u00f6s kyky\u00e4 pitk\u00e4j\u00e4nteiseen sitoutumiseen sek\u00e4 yhteisty\u00f6kyky\u00e4. Arvostamme suuresti heppa\u00e4itej\u00e4- ja isej\u00e4, jotka mahdollistavat harrastamisen ja kilpailemisen ja pyrimme huomioimaan heit\u00e4 toiminnassamme mm. pit\u00e4m\u00e4ll\u00e4 heit\u00e4 ajan tasalla ja ottamalla heid\u00e4t osaksi tiimi\u00e4.<\/p>\n\n\n\n<h2 class=\"wp-block-heading\">Lis\u00e4tiedot<\/h2>\n\n\n\n<p>Lis\u00e4tiedot ja yhteydenotot s\u00e4hk\u00f6postitse valmentaja sofiamaria.laane (\u00e4t) gmail.com tai puhelimitse Team Manager Taina Laane 040 7640499.<\/p>\n\n\n\n<p><\/p>\n","protected":false},"excerpt":{"rendered":"<p>Dressage Tiimi on tavoitteellisille harrastajille ja kilparatsastajille tarkoitettu palvelukokonaisuus. Dressage Tiimiss\u00e4 saat k\u00e4ytt\u00f6\u00f6si hyvinkoulutetun ponin tai hevosen sek\u00e4 yksil\u00f6llist\u00e4 valmennusta 2 tai 3 kertaa viikossa. Lis\u00e4ksi p\u00e4\u00e4set halutessasi suunnittelemaan itsellesi kisakalenteria ja osallistumaan kilpailuihin ja rataharjoituksiin, joissa tukenasi on oma valmentajasi. Miksi sinun kannattaa tulla mukaan: Keit\u00e4 etsimme? T\u00e4ll\u00e4 hetkell\u00e4 etsimme HeB-HeA -tasoisia poneja ja &hellip; <\/p>\n<p class=\"link-more\"><a href=\"https:\/\/ambersense.fi\/index.php\/dressage-tiimi\/\" class=\"more-link\">Jatka lukemista<span class=\"screen-reader-text\"> &#8221;Dressage Tiimi&#8221;<\/span><\/a><\/p>\n","protected":false},"author":1,"featured_media":101,"parent":0,"menu_order":0,"comment_status":"closed","ping_status":"closed","template":"","meta":{"footnotes":""},"class_list":["post-124","page","type-page","status-publish","has-post-thumbnail","hentry"],"_links":{"self":[{"href":"https:\/\/ambersense.fi\/index.php\/wp-json\/wp\/v2\/pages\/124","targetHints":{"allow":["GET"]}}],"collection":[{"href":"https:\/\/ambersense.fi\/index.php\/wp-json\/wp\/v2\/pages"}],"about":[{"href":"https:\/\/ambersense.fi\/index.php\/wp-json\/wp\/v2\/types\/page"}],"author":[{"embeddable":true,"href":"https:\/\/ambersense.fi\/index.php\/wp-json\/wp\/v2\/users\/1"}],"replies":[{"embeddable":true,"href":"https:\/\/ambersense.fi\/index.php\/wp-json\/wp\/v2\/comments?post=124"}],"version-history":[{"count":2,"href":"https:\/\/ambersense.fi\/index.php\/wp-json\/wp\/v2\/pages\/124\/revisions"}],"predecessor-version":[{"id":131,"href":"https:\/\/ambersense.fi\/index.php\/wp-json\/wp\/v2\/pages\/124\/revisions\/131"}],"wp:featuredmedia":[{"embeddable":true,"href":"https:\/\/ambersense.fi\/index.php\/wp-json\/wp\/v2\/media\/101"}],"wp:attachment":[{"href":"https:\/\/ambersense.fi\/index.php\/wp-json\/wp\/v2\/media?parent=124"}],"curies":[{"name":"wp","href":"https:\/\/api.w.org\/{rel}","templated":true}]}}