{"id":11,"date":"2025-04-27T10:45:35","date_gmt":"2025-04-27T10:45:35","guid":{"rendered":"https:\/\/ambersense.fi\/?page_id=11"},"modified":"2026-02-18T20:16:52","modified_gmt":"2026-02-18T20:16:52","slug":"ota-yhteytta","status":"publish","type":"page","link":"https:\/\/ambersense.fi\/index.php\/ota-yhteytta\/","title":{"rendered":"Ota yhteytt\u00e4"},"content":{"rendered":"\n<p><strong>Asiakaspalvelu<\/strong><\/p>\n\n\n\n<p>Info (\u00e4t) ambersense.fi<\/p>\n\n\n\n<p><strong>Henkil\u00f6st\u00f6palvelut<\/strong><\/p>\n\n\n\n<p>Taina Laane<br>info (\u00e4t) positiveplanet.eu<\/p>\n\n\n\n<p><strong>Hevospalvelut<\/strong><\/p>\n\n\n\n<p>Sofia Laane<br>sofiamaria.laane (\u00e4t) gmail.com<\/p>\n","protected":false},"excerpt":{"rendered":"<p>Asiakaspalvelu Info (\u00e4t) ambersense.fi Henkil\u00f6st\u00f6palvelut Taina Laaneinfo (\u00e4t) positiveplanet.eu Hevospalvelut Sofia Laanesofiamaria.laane (\u00e4t) gmail.com<\/p>\n","protected":false},"author":1,"featured_media":179,"parent":0,"menu_order":0,"comment_status":"closed","ping_status":"closed","template":"","meta":{"footnotes":""},"class_list":["post-11","page","type-page","status-publish","has-post-thumbnail","hentry"],"_links":{"self":[{"href":"https:\/\/ambersense.fi\/index.php\/wp-json\/wp\/v2\/pages\/11","targetHints":{"allow":["GET"]}}],"collection":[{"href":"https:\/\/ambersense.fi\/index.php\/wp-json\/wp\/v2\/pages"}],"about":[{"href":"https:\/\/ambersense.fi\/index.php\/wp-json\/wp\/v2\/types\/page"}],"author":[{"embeddable":true,"href":"https:\/\/ambersense.fi\/index.php\/wp-json\/wp\/v2\/users\/1"}],"replies":[{"embeddable":true,"href":"https:\/\/ambersense.fi\/index.php\/wp-json\/wp\/v2\/comments?post=11"}],"version-history":[{"count":6,"href":"https:\/\/ambersense.fi\/index.php\/wp-json\/wp\/v2\/pages\/11\/revisions"}],"predecessor-version":[{"id":107,"href":"https:\/\/ambersense.fi\/index.php\/wp-json\/wp\/v2\/pages\/11\/revisions\/107"}],"wp:featuredmedia":[{"embeddable":true,"href":"https:\/\/ambersense.fi\/index.php\/wp-json\/wp\/v2\/media\/179"}],"wp:attachment":[{"href":"https:\/\/ambersense.fi\/index.php\/wp-json\/wp\/v2\/media?parent=11"}],"curies":[{"name":"wp","href":"https:\/\/api.w.org\/{rel}","templated":true}]}}