{"id":10,"date":"2025-04-27T10:45:35","date_gmt":"2025-04-27T10:45:35","guid":{"rendered":"https:\/\/ambersense.fi\/?page_id=10"},"modified":"2026-02-18T19:36:39","modified_gmt":"2026-02-18T19:36:39","slug":"tietoja","status":"publish","type":"page","link":"https:\/\/ambersense.fi\/index.php\/tietoja\/","title":{"rendered":"Hevospalvelut"},"content":{"rendered":"\n<p>Hevosl\u00e4ht\u00f6isiin palveluihimme kuuluvat ratsastusvalmennukset niin yksil\u00f6- kuin ryhm\u00e4valmennuksena sek\u00e4 ratsutuspalvelut.<\/p>\n\n\n\n<p>Kev\u00e4\u00e4ll\u00e4 2026 aloittaa uusi tavoitteellisille ratsastajille kehitetty valmennuspalvelu <a href=\"https:\/\/ambersense.fi\/index.php\/dressage-tiimi\/\">Dressage Tiimi<\/a>, joka on edullisempi vaihtoehto oman ponin tai hevosen omistamiselle, mutta jossa p\u00e4\u00e4see luomaan tiivist\u00e4 suhdetta yhden taitavan ratsun kanssa sek\u00e4 saa yksil\u00f6llist\u00e4 valmennusta.<\/p>\n\n\n\n<p><\/p>\n","protected":false},"excerpt":{"rendered":"<p>Hevosl\u00e4ht\u00f6isiin palveluihimme kuuluvat ratsastusvalmennukset niin yksil\u00f6- kuin ryhm\u00e4valmennuksena sek\u00e4 ratsutuspalvelut. Kev\u00e4\u00e4ll\u00e4 2026 aloittaa uusi tavoitteellisille ratsastajille kehitetty valmennuspalvelu Dressage Tiimi, joka on edullisempi vaihtoehto oman ponin tai hevosen omistamiselle, mutta jossa p\u00e4\u00e4see luomaan tiivist\u00e4 suhdetta yhden taitavan ratsun kanssa sek\u00e4 saa yksil\u00f6llist\u00e4 valmennusta.<\/p>\n","protected":false},"author":1,"featured_media":78,"parent":0,"menu_order":0,"comment_status":"closed","ping_status":"closed","template":"","meta":{"footnotes":""},"class_list":["post-10","page","type-page","status-publish","has-post-thumbnail","hentry"],"_links":{"self":[{"href":"https:\/\/ambersense.fi\/index.php\/wp-json\/wp\/v2\/pages\/10","targetHints":{"allow":["GET"]}}],"collection":[{"href":"https:\/\/ambersense.fi\/index.php\/wp-json\/wp\/v2\/pages"}],"about":[{"href":"https:\/\/ambersense.fi\/index.php\/wp-json\/wp\/v2\/types\/page"}],"author":[{"embeddable":true,"href":"https:\/\/ambersense.fi\/index.php\/wp-json\/wp\/v2\/users\/1"}],"replies":[{"embeddable":true,"href":"https:\/\/ambersense.fi\/index.php\/wp-json\/wp\/v2\/comments?post=10"}],"version-history":[{"count":21,"href":"https:\/\/ambersense.fi\/index.php\/wp-json\/wp\/v2\/pages\/10\/revisions"}],"predecessor-version":[{"id":168,"href":"https:\/\/ambersense.fi\/index.php\/wp-json\/wp\/v2\/pages\/10\/revisions\/168"}],"wp:featuredmedia":[{"embeddable":true,"href":"https:\/\/ambersense.fi\/index.php\/wp-json\/wp\/v2\/media\/78"}],"wp:attachment":[{"href":"https:\/\/ambersense.fi\/index.php\/wp-json\/wp\/v2\/media?parent=10"}],"curies":[{"name":"wp","href":"https:\/\/api.w.org\/{rel}","templated":true}]}}